{"id":3134,"date":"2019-04-04T17:47:08","date_gmt":"2019-04-04T15:47:08","guid":{"rendered":"http:\/\/www.residenceluddastru.it\/kontakte\/"},"modified":"2019-04-04T17:47:09","modified_gmt":"2019-04-04T15:47:09","slug":"kontakte","status":"publish","type":"page","link":"https:\/\/www.residenceluddastru.it\/de\/kontakte\/","title":{"rendered":"Kontakte"},"content":{"rendered":"<p><div class=\"fusion-fullwidth fullwidth-box fusion-builder-row-1 nonhundred-percent-fullwidth non-hundred-percent-height-scrolling\" style=\"background-color: #ffffff;background-position: center center;background-repeat: no-repeat;padding-top:20px;padding-right:0px;padding-bottom:20px;padding-left:0px;margin-bottom: 0px;margin-top: 0px;border-width: 0px 0px 0px 0px;border-color:#eae9e9;border-style:solid;\" ><div class=\"fusion-builder-row fusion-row\"><div class=\"fusion-layout-column fusion_builder_column fusion-builder-column-0 fusion_builder_column_5_6 5_6 fusion-five-sixth fusion-column-first\" style=\"width:82.6666%; margin-right: 4%;margin-top:0px;margin-bottom:20px;\"><div class=\"fusion-column-wrapper fusion-flex-column-wrapper-legacy\" style=\"background-position:left top;background-repeat:no-repeat;-webkit-background-size:cover;-moz-background-size:cover;-o-background-size:cover;background-size:cover;padding: 0px 0px 0px 0px;\"><div class=\"fusion-text fusion-text-1\"><p style=\"letter-spacing: 4px; font-size: 13px; margin-bottom: 0px; text-align: left;\">KONTAKTIEREN SIE UNS DIREKT<\/p>\n<h1 style=\"text-align: left;\">Buchen Sie jetzt Ihren n\u00e4chsten Urlaub!<\/h1>\n<\/div><div class=\"fusion-sep-clear\"><\/div><div class=\"fusion-separator fusion-clearfix\" style=\"float:left;margin-top:0px;margin-bottom:20px;width:100%;max-width:50px;\"><div class=\"fusion-separator-border sep-single sep-solid\" style=\"border-color:#cbaa5c;border-top-width:1px;\"><\/div><\/div><div class=\"fusion-sep-clear\"><\/div><div class=\"fusion-text fusion-text-2\"><p>F\u00fcllen Sie das folgende Formular aus, um uns eine Anfrage nach Verf\u00fcgbarkeit zu senden. Wir werden Ihnen in k\u00fcrzester Zeit antworten und Ihnen die beste L\u00f6sung f\u00fcr Ihren Urlaub in Budoni, in der N\u00e4he von San Teodoro und der Costa Smeralda vorschlagen.<\/p>\n<\/div><div class=\"fusion-clearfix\"><\/div><\/div><\/div><div class=\"fusion-layout-column fusion_builder_column fusion-builder-column-1 fusion_builder_column_1_6 1_6 fusion-one-sixth fusion-column-last\" style=\"width:13.3333%;margin-top:0px;margin-bottom:20px;\"><div class=\"fusion-column-wrapper fusion-flex-column-wrapper-legacy\" style=\"background-position:left top;background-repeat:no-repeat;-webkit-background-size:cover;-moz-background-size:cover;-o-background-size:cover;background-size:cover;padding: 0px 0px 0px 0px;\"><div class=\"fusion-clearfix\"><\/div><\/div><\/div><\/div><\/div><div class=\"fusion-fullwidth fullwidth-box fusion-builder-row-2 nonhundred-percent-fullwidth non-hundred-percent-height-scrolling\" style=\"background-color: #f4f6f8;background-position: left top;background-repeat: no-repeat;padding-top:0px;padding-right:0px;padding-bottom:55px;padding-left:0px;margin-bottom: 0px;margin-top: 0px;border-width: 0px 0px 0px 0px;border-color:#eae9e9;border-style:solid;\" ><div class=\"fusion-builder-row fusion-row\"><div class=\"fusion-layout-column fusion_builder_column fusion-builder-column-2 fusion_builder_column_1_1 1_1 fusion-one-full fusion-column-first fusion-column-last fusion-column-no-min-height\" style=\"margin-top:0px;margin-bottom:0px;\"><div class=\"fusion-column-wrapper fusion-flex-column-wrapper-legacy\" style=\"background-position:left top;background-repeat:no-repeat;-webkit-background-size:cover;-moz-background-size:cover;-o-background-size:cover;background-size:cover;padding: 0px 0px 0px 0px;\"><div class=\"imageframe-align-center\"><span class=\" fusion-imageframe imageframe-none imageframe-1 hover-type-none\"><img decoding=\"async\" src=\"http:\/\/www.residenceluddastru.it\/wp-content\/uploads\/2015\/01\/flowers_top.png\" alt class=\"img-responsive\"\/><\/span><\/div><div class=\"fusion-sep-clear\"><\/div><div class=\"fusion-separator fusion-full-width-sep\" style=\"margin-left: auto;margin-right: auto;margin-top:30px;margin-bottom:30px;width:100%;\"><\/div><div class=\"fusion-sep-clear\"><\/div><div class=\"fusion-text fusion-text-3\">\n<div class=\"wpcf7 no-js\" id=\"wpcf7-f649-o1\" lang=\"en-US\" dir=\"ltr\" data-wpcf7-id=\"649\">\n<div class=\"screen-reader-response\"><p role=\"status\" aria-live=\"polite\" aria-atomic=\"true\"><\/p> <ul><\/ul><\/div>\n<form action=\"\/de\/wp-json\/wp\/v2\/pages\/3134#wpcf7-f649-o1\" method=\"post\" class=\"wpcf7-form init\" aria-label=\"Contact form\" novalidate=\"novalidate\" data-status=\"init\">\n<fieldset class=\"hidden-fields-container\"><input type=\"hidden\" name=\"_wpcf7\" value=\"649\" \/><input type=\"hidden\" name=\"_wpcf7_version\" value=\"6.1.5\" \/><input type=\"hidden\" name=\"_wpcf7_locale\" value=\"en_US\" \/><input type=\"hidden\" name=\"_wpcf7_unit_tag\" value=\"wpcf7-f649-o1\" \/><input type=\"hidden\" name=\"_wpcf7_container_post\" value=\"0\" \/><input type=\"hidden\" name=\"_wpcf7_posted_data_hash\" value=\"\" \/><input type=\"hidden\" name=\"_wpcf7_recaptcha_response\" value=\"\" \/>\n<\/fieldset>\n<div class=\"fusion-one-third fusion-layout-column fusion-spacing-yes\">\n\t<p>Nome e Cognome <span class=\"wpcf7-form-control-wrap\" data-name=\"your-name\"><input size=\"40\" maxlength=\"400\" class=\"wpcf7-form-control wpcf7-text wpcf7-validates-as-required\" aria-required=\"true\" aria-invalid=\"false\" value=\"\" type=\"text\" name=\"your-name\" \/><\/span>\n\t<\/p>\n<\/div>\n<div class=\"fusion-one-third fusion-layout-column fusion-spacing-yes\">\n\t<p>Email <span class=\"wpcf7-form-control-wrap\" data-name=\"your-email\"><input size=\"40\" maxlength=\"400\" class=\"wpcf7-form-control wpcf7-email wpcf7-validates-as-required wpcf7-text wpcf7-validates-as-email\" aria-required=\"true\" aria-invalid=\"false\" value=\"\" type=\"email\" name=\"your-email\" \/><\/span>\n\t<\/p>\n<\/div>\n<div class=\"fusion-one-third fusion-layout-column fusion-spacing-yes\">\n\t<p>Telefono <span class=\"wpcf7-form-control-wrap\" data-name=\"telefono\"><input size=\"40\" maxlength=\"400\" class=\"wpcf7-form-control wpcf7-tel wpcf7-text wpcf7-validates-as-tel\" aria-invalid=\"false\" value=\"\" type=\"tel\" name=\"telefono\" \/><\/span>\n\t<\/p>\n<\/div>\n<div class=\"fusion-one-fourth fusion-layout-column fusion-spacing-yes\">\n\t<p>Numero di persone<span class=\"wpcf7-form-control-wrap\" data-name=\"number-420\"><input class=\"wpcf7-form-control wpcf7-number wpcf7-validates-as-number\" min=\"1\" max=\"21\" step=\"1\" aria-invalid=\"false\" value=\"1\" type=\"number\" name=\"number-420\" \/><\/span>\n\t<\/p>\n<\/div>\n<div class=\"fusion-one-fourth fusion-layout-column fusion-spacing-yes\">\n\t<p>Data di Arrivo <span class=\"wpcf7-form-control-wrap\" data-name=\"date-933\"><input class=\"wpcf7-form-control wpcf7-date wpcf7-validates-as-date\" aria-invalid=\"false\" placeholder=\"2015-06-01\" value=\"\" type=\"date\" name=\"date-933\" \/><\/span>\n\t<\/p>\n<\/div>\n<div class=\"fusion-one-fourth fusion-layout-column fusion-column-last fusion-spacing-yes\">\n\t<p>Data di Partenza <span class=\"wpcf7-form-control-wrap\" data-name=\"date-631\"><input class=\"wpcf7-form-control wpcf7-date wpcf7-validates-as-date\" aria-invalid=\"false\" placeholder=\"2015-06-06\" value=\"\" type=\"date\" name=\"date-631\" \/><\/span>\n\t<\/p>\n<\/div>\n<div>\n\t<p><span class=\"wpcf7-form-control-wrap\" data-name=\"your-message\"><textarea cols=\"40\" rows=\"10\" maxlength=\"2000\" class=\"wpcf7-form-control wpcf7-textarea\" aria-invalid=\"false\" name=\"your-message\"><\/textarea><\/span><br \/>\n<input class=\"wpcf7-form-control wpcf7-submit has-spinner\" type=\"submit\" value=\"Send\" \/>\n\t<\/p>\n<\/div><div class=\"fusion-alert alert custom alert-custom fusion-alert-center wpcf7-response-output alert-dismissable\" style=\"border-width:1px;\"><button type=\"button\" class=\"close toggle-alert\" data-dismiss=\"alert\" aria-label=\"Close\">&times;<\/button><div class=\"fusion-alert-content-wrapper\"><span class=\"fusion-alert-content\"><\/span><\/div><\/div>\n<\/form>\n<\/div>\n\n<\/div><div class=\"fusion-clearfix\"><\/div><\/div><\/div><\/div><\/div><div class=\"fusion-fullwidth fullwidth-box fusion-builder-row-3 nonhundred-percent-fullwidth non-hundred-percent-height-scrolling\" style=\"background-color: #ffffff;background-position: left top;background-repeat: no-repeat;padding-top:70px;padding-right:0px;padding-bottom:40px;padding-left:0px;margin-bottom: 0px;margin-top: 0px;border-width: 0px 0px 0px 0px;border-color:#eae9e9;border-style:solid;\" ><div class=\"fusion-builder-row fusion-row\"><div class=\"fusion-layout-column fusion_builder_column fusion-builder-column-3 fusion_builder_column_1_1 1_1 fusion-one-full fusion-column-first fusion-column-last fusion-column-no-min-height\" style=\"margin-top:0px;margin-bottom:0px;\"><div class=\"fusion-column-wrapper fusion-flex-column-wrapper-legacy\" style=\"background-position:left top;background-repeat:no-repeat;-webkit-background-size:cover;-moz-background-size:cover;-o-background-size:cover;background-size:cover;padding: 0px 0px 0px 0px;\"><div class=\"fusion-flip-boxes flip-boxes row fusion-columns-2 flip-effect-classic\"><div class=\"fusion-flip-box-wrapper fusion-column col-lg-6 col-md-6 col-sm-6\"><div class=\"fusion-flip-box flip-right\" tabindex=\"0\"><div class=\"flip-box-inner-wrapper\"><div class=\"flip-box-front\" style=\"background-color:#f6f6f6;border-color:rgba(0,0,0,0);border-radius:4px;border-style:solid;border-width:1px;color:#747474;transition-duration:0.8s;\"><div class=\"flip-box-front-inner\"><div class=\"flip-box-grafix flip-box-no-circle\"><i aria-hidden=\"true\" class=\" fa fa-phone\" style=\"color:#cbaa5c;\"><\/i><\/div><h2 class=\"flip-box-heading\" style=\"color:#333333;\">KONTAKTIEREN SIE UNS DIREKT<\/h2>Wir pr\u00fcfen die Verf\u00fcgbarkeit zu den von Ihnen bevorzugten Terminen<\/div><\/div><div class=\"flip-box-back\" style=\"background-color:#a0ce4e;border-color:rgba(0,0,0,0);border-radius:4px;border-style:solid;border-width:1px;color:#ffffff;transition-duration:0.8s;\"><div class=\"flip-box-back-inner\"><h3 class=\"flip-box-heading-back\" style=\"color:#eeeded;\">Rufen Sie uns an!<\/h3>\n<p>Rufen Sie jetzt an unter 3478151477!<div class=\"fusion-button-wrapper\"><style>.fusion-button.button-1{border-color:#ffffff;border-width:0px 0px 0px 0px;border-radius:0px 0px 0px 0px;background:rgba(255,255,255,.25);}.fusion-button.button-1 .fusion-button-text,.fusion-button.button-1 i,.fusion-button.button-1:hover .fusion-button-text,.fusion-button.button-1:hover i,.fusion-button.button-1:focus .fusion-button-text,.fusion-button.button-1:focus i,.fusion-button.button-1:active .fusion-button-text,.fusion-button.button-1:active i{color:#171717;}.fusion-button.button-1:hover,.fusion-button.button-1:active,.fusion-button.button-1:focus{border-color:#171717;border-width:0px 0px 0px 0px;background:rgba(255,255,255,.45);}<\/style><a class=\"fusion-button button-flat button-large button-custom button-1 fusion-button-default-span \" target=\"_self\" href=\"tel:+393478151477\"><span class=\"fusion-button-text\">Jetzt anrufen<\/span><\/a><\/div>\n<\/div><\/div><\/div><\/div><\/div><div class=\"fusion-flip-box-wrapper fusion-column col-lg-6 col-md-6 col-sm-6\"><div class=\"fusion-flip-box flip-right\" tabindex=\"0\"><div class=\"flip-box-inner-wrapper\"><div class=\"flip-box-front\" style=\"background-color:#f6f6f6;border-color:rgba(0,0,0,0);border-radius:4px;border-style:solid;border-width:1px;color:#747474;transition-duration:0.8s;\"><div class=\"flip-box-front-inner\"><div class=\"flip-box-grafix flip-box-no-circle\"><i aria-hidden=\"true\" class=\" fa fa-envelope-o\" style=\"color:#cbaa5c;\"><\/i><\/div><h2 class=\"flip-box-heading\" style=\"color:#333333;\">Senden Sie uns eine E-Mail<\/h2>Wir werden Ihnen in k\u00fcrzester Zeit antworten<\/div><\/div><div class=\"flip-box-back\" style=\"background-color:#a0ce4e;border-color:rgba(0,0,0,0);border-radius:4px;border-style:solid;border-width:1px;color:#ffffff;transition-duration:0.8s;\"><div class=\"flip-box-back-inner\"><h3 class=\"flip-box-heading-back\" style=\"color:#eeeded;\">Schreiben Sie uns!<\/h3>\n<p>info@residenceluddastru.it!<div class=\"fusion-button-wrapper\"><style>.fusion-button.button-2{border-color:#ffffff;border-width:0px 0px 0px 0px;border-radius:0px 0px 0px 0px;background:rgba(255,255,255,.25);}.fusion-button.button-2 .fusion-button-text,.fusion-button.button-2 i,.fusion-button.button-2:hover .fusion-button-text,.fusion-button.button-2:hover i,.fusion-button.button-2:focus .fusion-button-text,.fusion-button.button-2:focus i,.fusion-button.button-2:active .fusion-button-text,.fusion-button.button-2:active i{color:#171717;}.fusion-button.button-2:hover,.fusion-button.button-2:active,.fusion-button.button-2:focus{border-color:#171717;border-width:0px 0px 0px 0px;background:rgba(255,255,255,.45);}<\/style><a class=\"fusion-button button-flat button-large button-custom button-2 fusion-button-default-span \" target=\"_self\" href=\"mailto:info@residenceluddastru.it\"><span class=\"fusion-button-text\">Send An Email<\/span><\/a><\/div>\n<\/div><\/div><\/div><\/div><\/div><\/div><div class=\"clearfix\"><\/div><div class=\"fusion-clearfix\"><\/div><\/div><\/div><\/div><\/div><div class=\"fusion-fullwidth fullwidth-box fusion-builder-row-4 hundred-percent-fullwidth non-hundred-percent-height-scrolling\" style=\"background-color: #ffffff;background-position: left top;background-repeat: no-repeat;padding-top:0px;padding-right:0px;padding-bottom:0px;padding-left:0px;margin-bottom: 0px;margin-top: 0px;border-width: 0px 0px 0px 0px;border-color:#eae9e9;border-style:solid;\" ><div class=\"fusion-builder-row fusion-row\"><div class=\"fusion-layout-column fusion_builder_column fusion-builder-column-4 fusion_builder_column_1_1 1_1 fusion-one-full fusion-column-first fusion-column-last fusion-column-no-min-height\" style=\"margin-top:0px;margin-bottom:0px;\"><div class=\"fusion-column-wrapper fusion-flex-column-wrapper-legacy\" style=\"background-position:left top;background-repeat:no-repeat;-webkit-background-size:cover;-moz-background-size:cover;-o-background-size:cover;background-size:cover;padding: 0px 0px 0px 0px;\">\t\t\t\t\t<script type=\"text\/javascript\">\n\t\t\t\t\t\tvar map_fusion_map_69e306246578e;\n\t\t\t\t\t\tvar markers = [];\n\t\t\t\t\t\tvar counter = 0;\n\t\t\t\t\t\t\t\t\t\t\t\t\t\t\t\t\t\t\t\tvar fusionMapNonce = '1a2c5eb4d6';\n\t\t\t\t\t\t\t\t\t\t\t\tfunction fusion_run_map_fusion_map_69e306246578e() {\n\t\t\t\t\t\t\tjQuery('#fusion_map_69e306246578e').fusion_maps({\n\t\t\t\t\t\t\t\taddresses: [{\"address\":\"40.720022,9.684853\",\"infobox_content\":\"\",\"marker\":\"theme\",\"coordinates\":true,\"latitude\":\"40.720022\",\"longitude\":\"9.684853\",\"cache\":true,\"geocoded_address\":\"40.720022,9.684853\"}],\n\t\t\t\t\t\t\t\tanimations: true,\n\t\t\t\t\t\t\t\tinfobox_background_color: '#1d2939',\n\t\t\t\t\t\t\t\tinfobox_styling: 'custom',\n\t\t\t\t\t\t\t\tinfobox_text_color: '',\n\t\t\t\t\t\t\t\tmap_style: 'default',\n\t\t\t\t\t\t\t\tmap_type: 'roadmap',\n\t\t\t\t\t\t\t\tmarker_icon: 'theme',\n\t\t\t\t\t\t\t\toverlay_color: '#ccb392',\n\t\t\t\t\t\t\t\toverlay_color_hsl: {\"hue\":34,\"sat\":36,\"lum\":69},\n\t\t\t\t\t\t\t\tpan_control: true,\n\t\t\t\t\t\t\t\tshow_address: false,\n\t\t\t\t\t\t\t\tscale_control: true,\n\t\t\t\t\t\t\t\tscrollwheel: false,\n\t\t\t\t\t\t\t\tzoom: 18,\n\t\t\t\t\t\t\t\tzoom_control: true,\n\t\t\t\t\t\t\t});\n\t\t\t\t\t\t}\n\n\t\t\t\t\t\tgoogle.maps.event.addDomListener(window, 'load', fusion_run_map_fusion_map_69e306246578e);\n\t\t\t\t\t<\/script>\n\t\t\t\t\t<div class=\"shortcode-map fusion-google-map fusion-maps-js-type\" id=\"fusion_map_69e306246578e\" style=\"height:400px;width:100%;\"><\/div><div class=\"fusion-clearfix\"><\/div><\/div><\/div><\/div><\/div><\/p>\n","protected":false},"excerpt":{"rendered":"","protected":false},"author":3,"featured_media":0,"parent":0,"menu_order":0,"comment_status":"open","ping_status":"closed","template":"100-width.php","meta":{"footnotes":""},"class_list":["post-3134","page","type-page","status-publish","hentry"],"yoast_head":"<!-- This site is optimized with the Yoast SEO plugin v27.3 - https:\/\/yoast.com\/product\/yoast-seo-wordpress\/ -->\n<title>Kontakte - Residence L&#039;Uddastru | Budoni | Sardegna<\/title>\n<meta name=\"description\" content=\"Buchen Sie direkt, um das beste Angebot zu erhalten! Klicken Sie auf und rufen Sie uns sofort an\" \/>\n<meta name=\"robots\" content=\"index, follow, max-snippet:-1, max-image-preview:large, max-video-preview:-1\" \/>\n<link rel=\"canonical\" href=\"https:\/\/www.residenceluddastru.it\/de\/kontakte\/\" \/>\n<meta property=\"og:locale\" content=\"de_DE\" \/>\n<meta property=\"og:type\" content=\"article\" \/>\n<meta property=\"og:title\" content=\"Kontakte - Residence L&#039;Uddastru | Budoni | Sardegna\" \/>\n<meta property=\"og:description\" content=\"Buchen Sie direkt, um das beste Angebot zu erhalten! Klicken Sie auf und rufen Sie uns sofort an\" \/>\n<meta property=\"og:url\" content=\"https:\/\/www.residenceluddastru.it\/de\/kontakte\/\" \/>\n<meta property=\"og:site_name\" content=\"Residence L&#039;Uddastru | Budoni | Sardegna\" \/>\n<meta property=\"article:publisher\" content=\"https:\/\/www.facebook.com\/residenceluddastru\" \/>\n<meta property=\"article:modified_time\" content=\"2019-04-04T15:47:09+00:00\" \/>\n<meta property=\"og:image\" content=\"https:\/\/www.residenceluddastru.it\/wp-content\/uploads\/2017\/01\/contacts.jpg\" \/>\n\t<meta property=\"og:image:width\" content=\"1600\" \/>\n\t<meta property=\"og:image:height\" content=\"600\" \/>\n\t<meta property=\"og:image:type\" content=\"image\/jpeg\" \/>\n<meta name=\"twitter:card\" content=\"summary_large_image\" \/>\n<meta name=\"twitter:label1\" content=\"Gesch\u00e4tzte Lesezeit\" \/>\n\t<meta name=\"twitter:data1\" content=\"5\u00a0Minuten\" \/>\n<script type=\"application\/ld+json\" class=\"yoast-schema-graph\">{\"@context\":\"https:\\\/\\\/schema.org\",\"@graph\":[{\"@type\":\"WebPage\",\"@id\":\"https:\\\/\\\/www.residenceluddastru.it\\\/de\\\/kontakte\\\/\",\"url\":\"https:\\\/\\\/www.residenceluddastru.it\\\/de\\\/kontakte\\\/\",\"name\":\"Kontakte - Residence L&#039;Uddastru | Budoni | Sardegna\",\"isPartOf\":{\"@id\":\"https:\\\/\\\/www.residenceluddastru.it\\\/#website\"},\"primaryImageOfPage\":{\"@id\":\"https:\\\/\\\/www.residenceluddastru.it\\\/de\\\/kontakte\\\/#primaryimage\"},\"image\":{\"@id\":\"https:\\\/\\\/www.residenceluddastru.it\\\/de\\\/kontakte\\\/#primaryimage\"},\"thumbnailUrl\":\"http:\\\/\\\/www.residenceluddastru.it\\\/wp-content\\\/uploads\\\/2015\\\/01\\\/flowers_top.png\",\"datePublished\":\"2019-04-04T15:47:08+00:00\",\"dateModified\":\"2019-04-04T15:47:09+00:00\",\"description\":\"Buchen Sie direkt, um das beste Angebot zu erhalten! Klicken Sie auf und rufen Sie uns sofort an\",\"breadcrumb\":{\"@id\":\"https:\\\/\\\/www.residenceluddastru.it\\\/de\\\/kontakte\\\/#breadcrumb\"},\"inLanguage\":\"de\",\"potentialAction\":[{\"@type\":\"ReadAction\",\"target\":[\"https:\\\/\\\/www.residenceluddastru.it\\\/de\\\/kontakte\\\/\"]}]},{\"@type\":\"ImageObject\",\"inLanguage\":\"de\",\"@id\":\"https:\\\/\\\/www.residenceluddastru.it\\\/de\\\/kontakte\\\/#primaryimage\",\"url\":\"http:\\\/\\\/www.residenceluddastru.it\\\/wp-content\\\/uploads\\\/2015\\\/01\\\/flowers_top.png\",\"contentUrl\":\"http:\\\/\\\/www.residenceluddastru.it\\\/wp-content\\\/uploads\\\/2015\\\/01\\\/flowers_top.png\"},{\"@type\":\"BreadcrumbList\",\"@id\":\"https:\\\/\\\/www.residenceluddastru.it\\\/de\\\/kontakte\\\/#breadcrumb\",\"itemListElement\":[{\"@type\":\"ListItem\",\"position\":1,\"name\":\"Home\",\"item\":\"https:\\\/\\\/www.residenceluddastru.it\\\/de\\\/\"},{\"@type\":\"ListItem\",\"position\":2,\"name\":\"Kontakte\"}]},{\"@type\":\"WebSite\",\"@id\":\"https:\\\/\\\/www.residenceluddastru.it\\\/#website\",\"url\":\"https:\\\/\\\/www.residenceluddastru.it\\\/\",\"name\":\"Residence L&#039;Uddastru | Budoni | Sardegna\",\"description\":\"\",\"potentialAction\":[{\"@type\":\"SearchAction\",\"target\":{\"@type\":\"EntryPoint\",\"urlTemplate\":\"https:\\\/\\\/www.residenceluddastru.it\\\/?s={search_term_string}\"},\"query-input\":{\"@type\":\"PropertyValueSpecification\",\"valueRequired\":true,\"valueName\":\"search_term_string\"}}],\"inLanguage\":\"de\"}]}<\/script>\n<!-- \/ Yoast SEO plugin. -->","yoast_head_json":{"title":"Kontakte - Residence L&#039;Uddastru | Budoni | Sardegna","description":"Buchen Sie direkt, um das beste Angebot zu erhalten! Klicken Sie auf und rufen Sie uns sofort an","robots":{"index":"index","follow":"follow","max-snippet":"max-snippet:-1","max-image-preview":"max-image-preview:large","max-video-preview":"max-video-preview:-1"},"canonical":"https:\/\/www.residenceluddastru.it\/de\/kontakte\/","og_locale":"de_DE","og_type":"article","og_title":"Kontakte - Residence L&#039;Uddastru | Budoni | Sardegna","og_description":"Buchen Sie direkt, um das beste Angebot zu erhalten! Klicken Sie auf und rufen Sie uns sofort an","og_url":"https:\/\/www.residenceluddastru.it\/de\/kontakte\/","og_site_name":"Residence L&#039;Uddastru | Budoni | Sardegna","article_publisher":"https:\/\/www.facebook.com\/residenceluddastru","article_modified_time":"2019-04-04T15:47:09+00:00","og_image":[{"width":1600,"height":600,"url":"https:\/\/www.residenceluddastru.it\/wp-content\/uploads\/2017\/01\/contacts.jpg","type":"image\/jpeg"}],"twitter_card":"summary_large_image","twitter_misc":{"Gesch\u00e4tzte Lesezeit":"5\u00a0Minuten"},"schema":{"@context":"https:\/\/schema.org","@graph":[{"@type":"WebPage","@id":"https:\/\/www.residenceluddastru.it\/de\/kontakte\/","url":"https:\/\/www.residenceluddastru.it\/de\/kontakte\/","name":"Kontakte - Residence L&#039;Uddastru | Budoni | Sardegna","isPartOf":{"@id":"https:\/\/www.residenceluddastru.it\/#website"},"primaryImageOfPage":{"@id":"https:\/\/www.residenceluddastru.it\/de\/kontakte\/#primaryimage"},"image":{"@id":"https:\/\/www.residenceluddastru.it\/de\/kontakte\/#primaryimage"},"thumbnailUrl":"http:\/\/www.residenceluddastru.it\/wp-content\/uploads\/2015\/01\/flowers_top.png","datePublished":"2019-04-04T15:47:08+00:00","dateModified":"2019-04-04T15:47:09+00:00","description":"Buchen Sie direkt, um das beste Angebot zu erhalten! Klicken Sie auf und rufen Sie uns sofort an","breadcrumb":{"@id":"https:\/\/www.residenceluddastru.it\/de\/kontakte\/#breadcrumb"},"inLanguage":"de","potentialAction":[{"@type":"ReadAction","target":["https:\/\/www.residenceluddastru.it\/de\/kontakte\/"]}]},{"@type":"ImageObject","inLanguage":"de","@id":"https:\/\/www.residenceluddastru.it\/de\/kontakte\/#primaryimage","url":"http:\/\/www.residenceluddastru.it\/wp-content\/uploads\/2015\/01\/flowers_top.png","contentUrl":"http:\/\/www.residenceluddastru.it\/wp-content\/uploads\/2015\/01\/flowers_top.png"},{"@type":"BreadcrumbList","@id":"https:\/\/www.residenceluddastru.it\/de\/kontakte\/#breadcrumb","itemListElement":[{"@type":"ListItem","position":1,"name":"Home","item":"https:\/\/www.residenceluddastru.it\/de\/"},{"@type":"ListItem","position":2,"name":"Kontakte"}]},{"@type":"WebSite","@id":"https:\/\/www.residenceluddastru.it\/#website","url":"https:\/\/www.residenceluddastru.it\/","name":"Residence L&#039;Uddastru | Budoni | Sardegna","description":"","potentialAction":[{"@type":"SearchAction","target":{"@type":"EntryPoint","urlTemplate":"https:\/\/www.residenceluddastru.it\/?s={search_term_string}"},"query-input":{"@type":"PropertyValueSpecification","valueRequired":true,"valueName":"search_term_string"}}],"inLanguage":"de"}]}},"_links":{"self":[{"href":"https:\/\/www.residenceluddastru.it\/de\/wp-json\/wp\/v2\/pages\/3134","targetHints":{"allow":["GET"]}}],"collection":[{"href":"https:\/\/www.residenceluddastru.it\/de\/wp-json\/wp\/v2\/pages"}],"about":[{"href":"https:\/\/www.residenceluddastru.it\/de\/wp-json\/wp\/v2\/types\/page"}],"author":[{"embeddable":true,"href":"https:\/\/www.residenceluddastru.it\/de\/wp-json\/wp\/v2\/users\/3"}],"replies":[{"embeddable":true,"href":"https:\/\/www.residenceluddastru.it\/de\/wp-json\/wp\/v2\/comments?post=3134"}],"version-history":[{"count":1,"href":"https:\/\/www.residenceluddastru.it\/de\/wp-json\/wp\/v2\/pages\/3134\/revisions"}],"predecessor-version":[{"id":3135,"href":"https:\/\/www.residenceluddastru.it\/de\/wp-json\/wp\/v2\/pages\/3134\/revisions\/3135"}],"wp:attachment":[{"href":"https:\/\/www.residenceluddastru.it\/de\/wp-json\/wp\/v2\/media?parent=3134"}],"curies":[{"name":"wp","href":"https:\/\/api.w.org\/{rel}","templated":true}]}}