{"id":3108,"date":"2019-04-04T15:45:24","date_gmt":"2019-04-04T13:45:24","guid":{"rendered":"http:\/\/www.residenceluddastru.it\/flughafen-in-der-nahe-von-budoni\/"},"modified":"2019-04-04T15:45:25","modified_gmt":"2019-04-04T13:45:25","slug":"flughafen-in-der-nahe-von-budoni","status":"publish","type":"page","link":"https:\/\/www.residenceluddastru.it\/de\/flughafen-in-der-nahe-von-budoni\/","title":{"rendered":"Flughafen in der N\u00e4he von Budoni"},"content":{"rendered":"<div class=\"fusion-fullwidth fullwidth-box fusion-builder-row-1 nonhundred-percent-fullwidth non-hundred-percent-height-scrolling\" style=\"background-color: #ffffff;background-position: center center;background-repeat: no-repeat;padding-top:0px;padding-right:0px;padding-bottom:0px;padding-left:0px;margin-bottom: 0px;margin-top: 0px;border-width: 0px 0px 0px 0px;border-color:#eae9e9;border-style:solid;\" ><div class=\"fusion-builder-row fusion-row\"><div class=\"fusion-layout-column fusion_builder_column fusion-builder-column-0 fusion_builder_column_1_1 1_1 fusion-one-full fusion-column-first fusion-column-last\" style=\"margin-top:0px;margin-bottom:0px;\"><div class=\"fusion-column-wrapper fusion-flex-column-wrapper-legacy\" style=\"background-position:left top;background-repeat:no-repeat;-webkit-background-size:cover;-moz-background-size:cover;-o-background-size:cover;background-size:cover;padding: 0px 0px 0px 0px;\"><div class=\"fusion-text fusion-text-1\"><p style=\"letter-spacing: 4px; font-size: 13px; margin-bottom: 0px; padding-right: 100px;\">ANREISE NACH SARDINIEN MIT DEM FLUGZEUG<\/p>\n<h1 style=\"padding-right: 100px;\">N\u00e4chster Flughafen zur Residence L&#8217;Uddastru<\/h1>\n<\/div><div class=\"fusion-sep-clear\"><\/div><div class=\"fusion-separator fusion-clearfix\" style=\"float:left;margin-top:0px;margin-bottom:20px;width:100%;max-width:50px;\"><div class=\"fusion-separator-border sep-single sep-solid\" style=\"border-color:#cbaa5c;border-top-width:1px;\"><\/div><\/div><div class=\"fusion-sep-clear\"><\/div><div class=\"fusion-text fusion-text-2\"><p>Die Residence L&#8217;Uddastru liegt strategisch g\u00fcnstig nur 15 Autominuten vom Hauptflughafen an der Nordostk\u00fcste Sardiniens, dem Flughafen Olbia Costa Smeralda, entfernt, der t\u00e4glich mit den wichtigsten Flugh\u00e4fen Italiens verbunden ist.<\/p>\n<p>Um zur Residence L&#8217;Uddastru zu gelangen, m\u00fcssen Sie nach dem Verlassen des Flughafens die Schnellstra\u00dfe in Richtung Budoni nehmen und nach ca. 30 km an der Kreuzung nach Budoni Nord zeigt sich dann das Dorf Malamur\u00ec.<\/p>\n<p>Nach weiteren 500 Metern sehen Sie auf der linken Seite die Residenz L&#8217;Uddastru.<\/p>\n<p>&nbsp;<\/p>\n<p>&nbsp;<\/p>\n<\/div><div class=\"fusion-clearfix\"><\/div><\/div><\/div><\/div><\/div>\n","protected":false},"excerpt":{"rendered":"","protected":false},"author":3,"featured_media":0,"parent":0,"menu_order":0,"comment_status":"closed","ping_status":"closed","template":"","meta":{"footnotes":""},"class_list":["post-3108","page","type-page","status-publish","hentry"],"yoast_head":"<!-- This site is optimized with the Yoast SEO plugin v27.3 - https:\/\/yoast.com\/product\/yoast-seo-wordpress\/ -->\n<title>Flughafen in der N\u00e4he von Budoni Residenz L&#039;Uddastru | Budoni | Sardinien<\/title>\n<meta name=\"description\" content=\"Entdecken Sie, wie Sie mit dem Flugzeug nach Sardinien kommen, und beachten Sie die Wegbeschreibung zur Residenz l&#039;Uddastru vom Flughafen Olbia Costa Smeralda aus.\" \/>\n<meta name=\"robots\" content=\"index, follow, max-snippet:-1, max-image-preview:large, max-video-preview:-1\" \/>\n<link rel=\"canonical\" href=\"https:\/\/www.residenceluddastru.it\/de\/flughafen-in-der-nahe-von-budoni\/\" \/>\n<meta property=\"og:locale\" content=\"de_DE\" \/>\n<meta property=\"og:type\" content=\"article\" \/>\n<meta property=\"og:title\" content=\"Flughafen in der N\u00e4he von Budoni Residenz L&#039;Uddastru | Budoni | Sardinien\" \/>\n<meta property=\"og:description\" content=\"Entdecken Sie, wie Sie mit dem Flugzeug nach Sardinien kommen, und beachten Sie die Wegbeschreibung zur Residenz l&#039;Uddastru vom Flughafen Olbia Costa Smeralda aus.\" \/>\n<meta property=\"og:url\" content=\"https:\/\/www.residenceluddastru.it\/de\/flughafen-in-der-nahe-von-budoni\/\" \/>\n<meta property=\"og:site_name\" content=\"Residence L&#039;Uddastru | Budoni | Sardegna\" \/>\n<meta property=\"article:publisher\" content=\"https:\/\/www.facebook.com\/residenceluddastru\" \/>\n<meta property=\"article:modified_time\" content=\"2019-04-04T13:45:25+00:00\" \/>\n<meta property=\"og:image\" content=\"https:\/\/www.residenceluddastru.it\/wp-content\/uploads\/2017\/03\/olbia-airport-arrivals.jpg\" \/>\n\t<meta property=\"og:image:width\" content=\"1232\" \/>\n\t<meta property=\"og:image:height\" content=\"590\" \/>\n\t<meta property=\"og:image:type\" content=\"image\/jpeg\" \/>\n<meta name=\"twitter:card\" content=\"summary_large_image\" \/>\n<meta name=\"twitter:label1\" content=\"Gesch\u00e4tzte Lesezeit\" \/>\n\t<meta name=\"twitter:data1\" content=\"1\u00a0Minute\" \/>\n<script type=\"application\/ld+json\" class=\"yoast-schema-graph\">{\"@context\":\"https:\\\/\\\/schema.org\",\"@graph\":[{\"@type\":\"WebPage\",\"@id\":\"https:\\\/\\\/www.residenceluddastru.it\\\/de\\\/flughafen-in-der-nahe-von-budoni\\\/\",\"url\":\"https:\\\/\\\/www.residenceluddastru.it\\\/de\\\/flughafen-in-der-nahe-von-budoni\\\/\",\"name\":\"Flughafen in der N\u00e4he von Budoni Residenz L'Uddastru | Budoni | Sardinien\",\"isPartOf\":{\"@id\":\"https:\\\/\\\/www.residenceluddastru.it\\\/#website\"},\"datePublished\":\"2019-04-04T13:45:24+00:00\",\"dateModified\":\"2019-04-04T13:45:25+00:00\",\"description\":\"Entdecken Sie, wie Sie mit dem Flugzeug nach Sardinien kommen, und beachten Sie die Wegbeschreibung zur Residenz l'Uddastru vom Flughafen Olbia Costa Smeralda aus.\",\"breadcrumb\":{\"@id\":\"https:\\\/\\\/www.residenceluddastru.it\\\/de\\\/flughafen-in-der-nahe-von-budoni\\\/#breadcrumb\"},\"inLanguage\":\"de\",\"potentialAction\":[{\"@type\":\"ReadAction\",\"target\":[\"https:\\\/\\\/www.residenceluddastru.it\\\/de\\\/flughafen-in-der-nahe-von-budoni\\\/\"]}]},{\"@type\":\"BreadcrumbList\",\"@id\":\"https:\\\/\\\/www.residenceluddastru.it\\\/de\\\/flughafen-in-der-nahe-von-budoni\\\/#breadcrumb\",\"itemListElement\":[{\"@type\":\"ListItem\",\"position\":1,\"name\":\"Home\",\"item\":\"https:\\\/\\\/www.residenceluddastru.it\\\/de\\\/\"},{\"@type\":\"ListItem\",\"position\":2,\"name\":\"Flughafen in der N\u00e4he von Budoni\"}]},{\"@type\":\"WebSite\",\"@id\":\"https:\\\/\\\/www.residenceluddastru.it\\\/#website\",\"url\":\"https:\\\/\\\/www.residenceluddastru.it\\\/\",\"name\":\"Residence L&#039;Uddastru | Budoni | Sardegna\",\"description\":\"\",\"potentialAction\":[{\"@type\":\"SearchAction\",\"target\":{\"@type\":\"EntryPoint\",\"urlTemplate\":\"https:\\\/\\\/www.residenceluddastru.it\\\/?s={search_term_string}\"},\"query-input\":{\"@type\":\"PropertyValueSpecification\",\"valueRequired\":true,\"valueName\":\"search_term_string\"}}],\"inLanguage\":\"de\"}]}<\/script>\n<!-- \/ Yoast SEO plugin. -->","yoast_head_json":{"title":"Flughafen in der N\u00e4he von Budoni Residenz L'Uddastru | Budoni | Sardinien","description":"Entdecken Sie, wie Sie mit dem Flugzeug nach Sardinien kommen, und beachten Sie die Wegbeschreibung zur Residenz l'Uddastru vom Flughafen Olbia Costa Smeralda aus.","robots":{"index":"index","follow":"follow","max-snippet":"max-snippet:-1","max-image-preview":"max-image-preview:large","max-video-preview":"max-video-preview:-1"},"canonical":"https:\/\/www.residenceluddastru.it\/de\/flughafen-in-der-nahe-von-budoni\/","og_locale":"de_DE","og_type":"article","og_title":"Flughafen in der N\u00e4he von Budoni Residenz L'Uddastru | Budoni | Sardinien","og_description":"Entdecken Sie, wie Sie mit dem Flugzeug nach Sardinien kommen, und beachten Sie die Wegbeschreibung zur Residenz l'Uddastru vom Flughafen Olbia Costa Smeralda aus.","og_url":"https:\/\/www.residenceluddastru.it\/de\/flughafen-in-der-nahe-von-budoni\/","og_site_name":"Residence L&#039;Uddastru | Budoni | Sardegna","article_publisher":"https:\/\/www.facebook.com\/residenceluddastru","article_modified_time":"2019-04-04T13:45:25+00:00","og_image":[{"width":1232,"height":590,"url":"https:\/\/www.residenceluddastru.it\/wp-content\/uploads\/2017\/03\/olbia-airport-arrivals.jpg","type":"image\/jpeg"}],"twitter_card":"summary_large_image","twitter_misc":{"Gesch\u00e4tzte Lesezeit":"1\u00a0Minute"},"schema":{"@context":"https:\/\/schema.org","@graph":[{"@type":"WebPage","@id":"https:\/\/www.residenceluddastru.it\/de\/flughafen-in-der-nahe-von-budoni\/","url":"https:\/\/www.residenceluddastru.it\/de\/flughafen-in-der-nahe-von-budoni\/","name":"Flughafen in der N\u00e4he von Budoni Residenz L'Uddastru | Budoni | Sardinien","isPartOf":{"@id":"https:\/\/www.residenceluddastru.it\/#website"},"datePublished":"2019-04-04T13:45:24+00:00","dateModified":"2019-04-04T13:45:25+00:00","description":"Entdecken Sie, wie Sie mit dem Flugzeug nach Sardinien kommen, und beachten Sie die Wegbeschreibung zur Residenz l'Uddastru vom Flughafen Olbia Costa Smeralda aus.","breadcrumb":{"@id":"https:\/\/www.residenceluddastru.it\/de\/flughafen-in-der-nahe-von-budoni\/#breadcrumb"},"inLanguage":"de","potentialAction":[{"@type":"ReadAction","target":["https:\/\/www.residenceluddastru.it\/de\/flughafen-in-der-nahe-von-budoni\/"]}]},{"@type":"BreadcrumbList","@id":"https:\/\/www.residenceluddastru.it\/de\/flughafen-in-der-nahe-von-budoni\/#breadcrumb","itemListElement":[{"@type":"ListItem","position":1,"name":"Home","item":"https:\/\/www.residenceluddastru.it\/de\/"},{"@type":"ListItem","position":2,"name":"Flughafen in der N\u00e4he von Budoni"}]},{"@type":"WebSite","@id":"https:\/\/www.residenceluddastru.it\/#website","url":"https:\/\/www.residenceluddastru.it\/","name":"Residence L&#039;Uddastru | Budoni | Sardegna","description":"","potentialAction":[{"@type":"SearchAction","target":{"@type":"EntryPoint","urlTemplate":"https:\/\/www.residenceluddastru.it\/?s={search_term_string}"},"query-input":{"@type":"PropertyValueSpecification","valueRequired":true,"valueName":"search_term_string"}}],"inLanguage":"de"}]}},"_links":{"self":[{"href":"https:\/\/www.residenceluddastru.it\/de\/wp-json\/wp\/v2\/pages\/3108","targetHints":{"allow":["GET"]}}],"collection":[{"href":"https:\/\/www.residenceluddastru.it\/de\/wp-json\/wp\/v2\/pages"}],"about":[{"href":"https:\/\/www.residenceluddastru.it\/de\/wp-json\/wp\/v2\/types\/page"}],"author":[{"embeddable":true,"href":"https:\/\/www.residenceluddastru.it\/de\/wp-json\/wp\/v2\/users\/3"}],"replies":[{"embeddable":true,"href":"https:\/\/www.residenceluddastru.it\/de\/wp-json\/wp\/v2\/comments?post=3108"}],"version-history":[{"count":1,"href":"https:\/\/www.residenceluddastru.it\/de\/wp-json\/wp\/v2\/pages\/3108\/revisions"}],"predecessor-version":[{"id":3109,"href":"https:\/\/www.residenceluddastru.it\/de\/wp-json\/wp\/v2\/pages\/3108\/revisions\/3109"}],"wp:attachment":[{"href":"https:\/\/www.residenceluddastru.it\/de\/wp-json\/wp\/v2\/media?parent=3108"}],"curies":[{"name":"wp","href":"https:\/\/api.w.org\/{rel}","templated":true}]}}